{"id":368,"date":"2025-12-09T20:00:48","date_gmt":"2025-12-09T18:00:48","guid":{"rendered":"https:\/\/bicicleteriaalacant.es\/?post_type=product&#038;p=368"},"modified":"2025-12-09T20:16:53","modified_gmt":"2025-12-09T18:16:53","slug":"botellin-infantil-variado","status":"publish","type":"product","link":"https:\/\/bicicleteriaalacant.es\/index.php\/producto\/botellin-infantil-variado\/","title":{"rendered":"Botell\u00edn infantil variado"},"content":{"rendered":"<p>Botell\u00edn de dise\u00f1o infantil con dibujos variados aleatorios. Material pl\u00e1stico de alta calidad, de poco peso para los m\u00e1s peque\u00f1os de la casa. Agarre optimizado para manos peque\u00f1as.<\/p>\n","protected":false},"excerpt":{"rendered":"<p>Botell\u00edn de dise\u00f1o infantil con dibujos variados aleatorios. Material pl\u00e1stico de alta calidad, de poco peso para los m\u00e1s peque\u00f1os de la casa.<\/p>\n<p><a href=\"https:\/\/bicicleteriaalacant.es\/index.php\/producto\/botellin-infantil-variado\/\"><span class=\"btn btn-default\">Seguir leyendo<span class=\"meta-nav\">&rarr;<\/span><\/span><\/a><\/p>\n","protected":false},"featured_media":0,"comment_status":"open","ping_status":"closed","template":"","meta":{"om_disable_all_campaigns":false,"_monsterinsights_skip_tracking":false,"_monsterinsights_sitenote_active":false,"_monsterinsights_sitenote_note":"","_monsterinsights_sitenote_category":0,"jetpack_publicize_message":"","jetpack_publicize_feature_enabled":true,"jetpack_social_post_already_shared":true,"jetpack_social_options":{"image_generator_settings":{"template":"highway","default_image_id":0,"font":"","enabled":false},"version":2}},"product_brand":[],"product_cat":[27,28],"product_tag":[29,30],"class_list":{"0":"post-368","1":"product","2":"type-product","3":"status-publish","5":"product_cat-botellines","6":"product_cat-infantil","7":"product_tag-botellin","8":"product_tag-infantil","10":"first","11":"instock","12":"taxable","13":"shipping-taxable","14":"purchasable","15":"product-type-simple"},"aioseo_notices":[],"jetpack_publicize_connections":[],"jetpack-related-posts":[],"jetpack_sharing_enabled":true,"jetpack_likes_enabled":true,"_links":{"self":[{"href":"https:\/\/bicicleteriaalacant.es\/index.php\/wp-json\/wp\/v2\/product\/368","targetHints":{"allow":["GET"]}}],"collection":[{"href":"https:\/\/bicicleteriaalacant.es\/index.php\/wp-json\/wp\/v2\/product"}],"about":[{"href":"https:\/\/bicicleteriaalacant.es\/index.php\/wp-json\/wp\/v2\/types\/product"}],"replies":[{"embeddable":true,"href":"https:\/\/bicicleteriaalacant.es\/index.php\/wp-json\/wp\/v2\/comments?post=368"}],"wp:attachment":[{"href":"https:\/\/bicicleteriaalacant.es\/index.php\/wp-json\/wp\/v2\/media?parent=368"}],"wp:term":[{"taxonomy":"product_brand","embeddable":true,"href":"https:\/\/bicicleteriaalacant.es\/index.php\/wp-json\/wp\/v2\/product_brand?post=368"},{"taxonomy":"product_cat","embeddable":true,"href":"https:\/\/bicicleteriaalacant.es\/index.php\/wp-json\/wp\/v2\/product_cat?post=368"},{"taxonomy":"product_tag","embeddable":true,"href":"https:\/\/bicicleteriaalacant.es\/index.php\/wp-json\/wp\/v2\/product_tag?post=368"}],"curies":[{"name":"wp","href":"https:\/\/api.w.org\/{rel}","templated":true}]}}