{"id":71,"date":"2022-05-11T17:55:33","date_gmt":"2022-05-11T15:55:33","guid":{"rendered":"https:\/\/bicicleteriaalacant.es\/?page_id=71"},"modified":"2023-12-12T21:07:27","modified_gmt":"2023-12-12T19:07:27","slug":"servicio-tecnico-oficial","status":"publish","type":"page","link":"https:\/\/bicicleteriaalacant.es\/index.php\/servicio-tecnico-oficial\/","title":{"rendered":"Servicio T\u00e9cnico"},"content":{"rendered":"<h1>Servicio T\u00e9cnico<\/h1>\n<p>Trabajamos con las mejores bicicletas y patinetes el\u00e9ctricos del mercado, porque no siempre sale todo perfecto. En caso de tener alg\u00fan problema con tu bicicleta o patinete el\u00e9ctricos, no dudes en visitar nuestra tienda. Tambi\u00e9n puedes adelantarnos qu\u00e9 ocurre a trav\u00e9s del siguiente formulario. Ind\u00edcanos marca y modelo  &hellip;<br \/><br \/><a href=\"https:\/\/bicicleteriaalacant.es\/index.php\/servicio-tecnico-oficial\/\"><span class=\"btn btn-default\">Seguir leyendo<span class=\"meta-nav\">&rarr;<\/span><\/span><\/a><\/p>","protected":false},"excerpt":{"rendered":"<p>Servicio T\u00e9cnico Trabajamos con las mejores bicicletas y patinetes el\u00e9ctricos del mercado, porque no siempre sale todo perfecto. En caso de tener alg\u00fan problema con tu bicicleta o patinete el\u00e9ctricos, no dudes en visitar nuestra tienda. Tambi\u00e9n puedes adelantarnos qu\u00e9 &hellip;<\/p>\n<p><a href=\"https:\/\/bicicleteriaalacant.es\/index.php\/servicio-tecnico-oficial\/\"><span class=\"btn btn-default\">Seguir leyendo<span class=\"meta-nav\">&rarr;<\/span><\/span><\/a><\/p>\n","protected":false},"author":2,"featured_media":0,"parent":0,"menu_order":0,"comment_status":"closed","ping_status":"closed","template":"page-templates\/contact_page.php","meta":{"om_disable_all_campaigns":false,"_monsterinsights_skip_tracking":false,"_monsterinsights_sitenote_active":false,"_monsterinsights_sitenote_note":"","_monsterinsights_sitenote_category":0,"footnotes":""},"class_list":["post-71","page","type-page","status-publish","hentry"],"aioseo_notices":[],"featured_image_src":null,"jetpack-related-posts":[],"jetpack_sharing_enabled":true,"jetpack_likes_enabled":true,"_links":{"self":[{"href":"https:\/\/bicicleteriaalacant.es\/index.php\/wp-json\/wp\/v2\/pages\/71","targetHints":{"allow":["GET"]}}],"collection":[{"href":"https:\/\/bicicleteriaalacant.es\/index.php\/wp-json\/wp\/v2\/pages"}],"about":[{"href":"https:\/\/bicicleteriaalacant.es\/index.php\/wp-json\/wp\/v2\/types\/page"}],"author":[{"embeddable":true,"href":"https:\/\/bicicleteriaalacant.es\/index.php\/wp-json\/wp\/v2\/users\/2"}],"replies":[{"embeddable":true,"href":"https:\/\/bicicleteriaalacant.es\/index.php\/wp-json\/wp\/v2\/comments?post=71"}],"version-history":[{"count":10,"href":"https:\/\/bicicleteriaalacant.es\/index.php\/wp-json\/wp\/v2\/pages\/71\/revisions"}],"predecessor-version":[{"id":292,"href":"https:\/\/bicicleteriaalacant.es\/index.php\/wp-json\/wp\/v2\/pages\/71\/revisions\/292"}],"wp:attachment":[{"href":"https:\/\/bicicleteriaalacant.es\/index.php\/wp-json\/wp\/v2\/media?parent=71"}],"curies":[{"name":"wp","href":"https:\/\/api.w.org\/{rel}","templated":true}]}}