{"id":47,"date":"2022-05-11T16:46:14","date_gmt":"2022-05-11T14:46:14","guid":{"rendered":"https:\/\/bicicleteriaalacant.es\/?page_id=47"},"modified":"2023-12-12T21:06:00","modified_gmt":"2023-12-12T19:06:00","slug":"precios","status":"publish","type":"page","link":"https:\/\/bicicleteriaalacant.es\/index.php\/precios\/","title":{"rendered":"Listado de precios orientativos"},"content":{"rendered":"<h1>Precios orientativos<\/h1>\n<p>Para obtener un presupuesto definitivo deber\u00e1s acudir a la tienda. All\u00ed podr\u00e1s proporcionar m\u00e1s datos o para que la inspecci\u00f3n de la bicicleta o patinete sean m\u00e1s adecuados. Ten en cuenta que en el momento de reparaci\u00f3n de una parte se pueden detectar defectos en otra. Pero para  &hellip;<br \/><br \/><a href=\"https:\/\/bicicleteriaalacant.es\/index.php\/precios\/\"><span class=\"btn btn-default\">Seguir leyendo<span class=\"meta-nav\">&rarr;<\/span><\/span><\/a><\/p>","protected":false},"excerpt":{"rendered":"<p>Precios orientativos Para obtener un presupuesto definitivo deber\u00e1s acudir a la tienda. All\u00ed podr\u00e1s proporcionar m\u00e1s datos o para que la inspecci\u00f3n de la bicicleta o patinete sean m\u00e1s adecuados. Ten en cuenta que en el momento de reparaci\u00f3n de &hellip;<\/p>\n<p><a href=\"https:\/\/bicicleteriaalacant.es\/index.php\/precios\/\"><span class=\"btn btn-default\">Seguir leyendo<span class=\"meta-nav\">&rarr;<\/span><\/span><\/a><\/p>\n","protected":false},"author":2,"featured_media":0,"parent":0,"menu_order":0,"comment_status":"closed","ping_status":"closed","template":"page-templates\/contact_page.php","meta":{"om_disable_all_campaigns":false,"_monsterinsights_skip_tracking":false,"_monsterinsights_sitenote_active":false,"_monsterinsights_sitenote_note":"","_monsterinsights_sitenote_category":0,"footnotes":""},"class_list":["post-47","page","type-page","status-publish","hentry"],"aioseo_notices":[],"featured_image_src":null,"jetpack-related-posts":[],"jetpack_sharing_enabled":true,"jetpack_likes_enabled":true,"_links":{"self":[{"href":"https:\/\/bicicleteriaalacant.es\/index.php\/wp-json\/wp\/v2\/pages\/47","targetHints":{"allow":["GET"]}}],"collection":[{"href":"https:\/\/bicicleteriaalacant.es\/index.php\/wp-json\/wp\/v2\/pages"}],"about":[{"href":"https:\/\/bicicleteriaalacant.es\/index.php\/wp-json\/wp\/v2\/types\/page"}],"author":[{"embeddable":true,"href":"https:\/\/bicicleteriaalacant.es\/index.php\/wp-json\/wp\/v2\/users\/2"}],"replies":[{"embeddable":true,"href":"https:\/\/bicicleteriaalacant.es\/index.php\/wp-json\/wp\/v2\/comments?post=47"}],"version-history":[{"count":18,"href":"https:\/\/bicicleteriaalacant.es\/index.php\/wp-json\/wp\/v2\/pages\/47\/revisions"}],"predecessor-version":[{"id":287,"href":"https:\/\/bicicleteriaalacant.es\/index.php\/wp-json\/wp\/v2\/pages\/47\/revisions\/287"}],"wp:attachment":[{"href":"https:\/\/bicicleteriaalacant.es\/index.php\/wp-json\/wp\/v2\/media?parent=47"}],"curies":[{"name":"wp","href":"https:\/\/api.w.org\/{rel}","templated":true}]}}