{"id":14,"date":"2022-05-09T23:06:24","date_gmt":"2022-05-09T21:06:24","guid":{"rendered":"https:\/\/bicicleteriaalacant.es\/?page_id=14"},"modified":"2023-12-12T21:06:16","modified_gmt":"2023-12-12T19:06:16","slug":"politica-de-cookies","status":"publish","type":"page","link":"https:\/\/bicicleteriaalacant.es\/index.php\/politica-de-cookies\/","title":{"rendered":"Nuestra pol\u00edtica de Cookies"},"content":{"rendered":"<div class=\"cli_pg_page_contaner\">\n<h1>Las Cookies<\/h1>\n<h3>Sobre esta pol\u00edtica de cookies<\/h3>\n<div>Esta Pol\u00edtica de cookies explica qu\u00e9 son las cookies y c\u00f3mo las usamos, los tipos de cookies que usamos, es decir, la informaci\u00f3n que recopilamos usando cookies y c\u00f3mo se usa esa informaci\u00f3n, y c\u00f3mo controlar las preferencias de cookies. Para obtener m\u00e1s  &hellip;<br \/><br \/><a href=\"https:\/\/bicicleteriaalacant.es\/index.php\/politica-de-cookies\/\"><span class=\"btn btn-default\">Seguir leyendo<span class=\"meta-nav\">&rarr;<\/span><\/span><\/a><\/div><\/div>","protected":false},"excerpt":{"rendered":"<p>Las Cookies Sobre esta pol\u00edtica de cookies Esta Pol\u00edtica de cookies explica qu\u00e9 son las cookies y c\u00f3mo las usamos, los tipos de cookies que usamos, es decir, la informaci\u00f3n que recopilamos usando cookies y c\u00f3mo se usa esa informaci\u00f3n, &hellip;<\/p>\n<p><a href=\"https:\/\/bicicleteriaalacant.es\/index.php\/politica-de-cookies\/\"><span class=\"btn btn-default\">Seguir leyendo<span class=\"meta-nav\">&rarr;<\/span><\/span><\/a><\/p>\n","protected":false},"author":2,"featured_media":0,"parent":0,"menu_order":0,"comment_status":"closed","ping_status":"closed","template":"page-templates\/about_page.php","meta":{"om_disable_all_campaigns":false,"_monsterinsights_skip_tracking":false,"_monsterinsights_sitenote_active":false,"_monsterinsights_sitenote_note":"","_monsterinsights_sitenote_category":0,"footnotes":""},"class_list":["post-14","page","type-page","status-publish","hentry"],"aioseo_notices":[],"featured_image_src":null,"jetpack-related-posts":[],"jetpack_sharing_enabled":true,"jetpack_likes_enabled":true,"_links":{"self":[{"href":"https:\/\/bicicleteriaalacant.es\/index.php\/wp-json\/wp\/v2\/pages\/14","targetHints":{"allow":["GET"]}}],"collection":[{"href":"https:\/\/bicicleteriaalacant.es\/index.php\/wp-json\/wp\/v2\/pages"}],"about":[{"href":"https:\/\/bicicleteriaalacant.es\/index.php\/wp-json\/wp\/v2\/types\/page"}],"author":[{"embeddable":true,"href":"https:\/\/bicicleteriaalacant.es\/index.php\/wp-json\/wp\/v2\/users\/2"}],"replies":[{"embeddable":true,"href":"https:\/\/bicicleteriaalacant.es\/index.php\/wp-json\/wp\/v2\/comments?post=14"}],"version-history":[{"count":7,"href":"https:\/\/bicicleteriaalacant.es\/index.php\/wp-json\/wp\/v2\/pages\/14\/revisions"}],"predecessor-version":[{"id":288,"href":"https:\/\/bicicleteriaalacant.es\/index.php\/wp-json\/wp\/v2\/pages\/14\/revisions\/288"}],"wp:attachment":[{"href":"https:\/\/bicicleteriaalacant.es\/index.php\/wp-json\/wp\/v2\/media?parent=14"}],"curies":[{"name":"wp","href":"https:\/\/api.w.org\/{rel}","templated":true}]}}